{"id":2365,"date":"2017-06-23T16:18:58","date_gmt":"2017-06-23T14:18:58","guid":{"rendered":"https:\/\/www.bextrans.co.za\/tuis\/"},"modified":"2025-06-13T17:45:34","modified_gmt":"2025-06-13T15:45:34","slug":"tuis","status":"publish","type":"page","link":"https:\/\/www.bextrans.co.za\/af-za\/","title":{"rendered":"Tuis"},"content":{"rendered":"<div id=\"pl-2365\"  class=\"panel-layout\" ><div id=\"pg-2365-0\"  class=\"panel-grid panel-has-style\" ><div class=\"panel-row-style panel-row-style-for-2365-0\" ><div id=\"pgc-2365-0-0\"  class=\"panel-grid-cell\" ><div id=\"panel-2365-0-0-0\" class=\"so-panel widget widget_siteorigin-panels-builder panel-first-child panel-last-child\" data-index=\"0\" ><div id=\"pl-w684c476f014cc\"  class=\"panel-layout\" ><div id=\"pg-w684c476f014cc-0\"  class=\"panel-grid panel-no-style\" ><div id=\"pgc-w684c476f014cc-0-0\"  class=\"panel-grid-cell\" ><div id=\"panel-w684c476f014cc-0-0-0\" class=\"so-panel widget widget_sow-editor panel-first-child panel-last-child\" data-index=\"0\" ><div\n\t\t\t\n\t\t\tclass=\"so-widget-sow-editor so-widget-sow-editor-base\"\n\t\t\t\n\t\t>\n<div class=\"siteorigin-widget-tinymce textwidget\">\n\t<h2 style=\"text-align: center; font-size: 36px; font-weight: 400; margin-top: 6px; margin-bottom: 6px;\"><span style=\"color: #777777;\">Welkom by <\/span><span style=\"color: #c60c30; font-weight: 600;\">Bextrans \u2013 \u2019n BexGroup-maatskappy<\/span><\/h2>\n<\/div>\n<\/div><\/div><\/div><\/div><div id=\"pg-w684c476f014cc-1\"  class=\"panel-grid panel-no-style\" ><div id=\"pgc-w684c476f014cc-1-0\"  class=\"panel-grid-cell\" ><div id=\"panel-w684c476f014cc-1-0-0\" class=\"so-panel widget widget_sow-editor panel-first-child panel-last-child\" data-index=\"1\" ><div\n\t\t\t\n\t\t\tclass=\"so-widget-sow-editor so-widget-sow-editor-base\"\n\t\t\t\n\t\t>\n<div class=\"siteorigin-widget-tinymce textwidget\">\n\t<p style=\"text-align: justify;\">BexGroup is \u2019n Suid-Afrikaanse privaat maatskappy wat in 1994 gestig is. Die maatskappy se fokus is op die landbou- en logistieke bedryf en het oor die jare uitgebrei tot \u2019n voetspoor wat beide plaaslik en internasionaal strek.<\/p>\n<p style=\"text-align: justify;\">BexGroup se groei en sukses word aangevuur deur die missiestelling om waarde te skep en toe te voeg vir al die belanghebbendes, insluitend kli\u00ebnte, werknemers en aandeelhouers. Ons is daarop ingestel om \u2019n beter toekoms te skep vir almal wat by ons betrokke is. Verandering motiveer ons om die norme te oorskry en nuwe maatstawwe te stel. Dit hou ons relevant, op hoogte van nuwe ontwikkelings en sensitief vir markaanwysers. Besoek gerus die BexGroup-webwerf by <u><a href=\"https:\/\/www.bexgroup.co.za\">www.bexgroup.co.za<\/a><\/u>.<\/p>\n<\/div>\n<\/div><\/div><\/div><div id=\"pgc-w684c476f014cc-1-1\"  class=\"panel-grid-cell\" ><div id=\"panel-w684c476f014cc-1-1-0\" class=\"so-panel widget widget_sow-video panel-first-child panel-last-child\" data-index=\"2\" ><div\n\t\t\t\n\t\t\tclass=\"so-widget-sow-video so-widget-sow-video-default-c08170c47cfb\"\n\t\t\t\n\t\t>\n<div class=\"sow-video-wrapper\n use-fitvids\">\n\t\t\t<iframe loading=\"lazy\" title=\"Bextrans Corporate Video\" width=\"604\" height=\"340\" src=\"https:\/\/www.youtube.com\/embed\/LEpZ4lvhIjY?feature=oembed&enablejsapi=1\" frameborder=\"0\" allow=\"accelerometer; autoplay; clipboard-write; encrypted-media; gyroscope; picture-in-picture; web-share\" referrerpolicy=\"strict-origin-when-cross-origin\" allowfullscreen allowfullscreen mozallowfullscreen webkitallowfullscreen sandbox=\"allow-scripts allow-same-origin allow-presentation\"><\/iframe>\t<\/div>\n<\/div><\/div><\/div><\/div><\/div><\/div><\/div><\/div><\/div><div id=\"pg-2365-1\"  class=\"panel-grid panel-has-style\" ><div class=\"siteorigin-panels-stretch panel-row-style panel-row-style-for-2365-1\" data-stretch-type=\"full\" ><div id=\"pgc-2365-1-0\"  class=\"panel-grid-cell\" ><div id=\"panel-2365-1-0-0\" class=\"so-panel widget widget_sow-editor panel-first-child panel-last-child\" data-index=\"1\" ><div\n\t\t\t\n\t\t\tclass=\"so-widget-sow-editor so-widget-sow-editor-base\"\n\t\t\t\n\t\t>\n<div class=\"siteorigin-widget-tinymce textwidget\">\n\t<p><img loading=\"lazy\" decoding=\"async\" class=\"aligncenter wp-image-2469\" src=\"https:\/\/www.bextrans.co.za\/wp-content\/uploads\/2022\/12\/Vision-Icon.svg\" alt=\"Visie\" width=\"115\" height=\"150\"><\/p>\n<h2 style=\"text-align: center;\">Visie<\/h2>\n<p style=\"text-align: justify;\">Om die voorste padvervoerder vir geselekteerde kli\u00ebnte in Suider-Afrika te wees.<\/p>\n<\/div>\n<\/div><\/div><\/div><div id=\"pgc-2365-1-1\"  class=\"panel-grid-cell\" ><div id=\"panel-2365-1-1-0\" class=\"so-panel widget widget_sow-editor panel-first-child panel-last-child\" data-index=\"2\" ><div\n\t\t\t\n\t\t\tclass=\"so-widget-sow-editor so-widget-sow-editor-base\"\n\t\t\t\n\t\t>\n<div class=\"siteorigin-widget-tinymce textwidget\">\n\t<p><img loading=\"lazy\" decoding=\"async\" class=\"aligncenter wp-image-2467\" src=\"https:\/\/www.bextrans.co.za\/wp-content\/uploads\/2022\/12\/Mission-Icon.svg\" alt=\"Missie\" width=\"115\" height=\"150\"><\/p>\n<h2 style=\"text-align: center;\">Missie<\/h2>\n<p style=\"text-align: justify;\">Ons bied logistieke oplossings in geselekteerde markte om optimale welvaart vir kli\u00ebnte, aandeelhouers en personeel te fasiliteer:<\/p>\n<ul>\n<li style=\"text-align: left;\">deur langtermynverhoudings te bou deur middel van ho\u00eb etiese waardes;<\/li>\n<li style=\"text-align: left;\">deur uitstekende diens aan kli\u00ebnte te lewer deur middel van spanwerk, kundige en innoverende personeel en doeltreffende bedryfstelsels;<\/li>\n<li style=\"text-align: left;\">deur relevante markinligting en logistieke kundigheid te verskaf;<\/li>\n<li style=\"text-align: left;\">deur buigsaam te wees en by markbehoeftes aan te pas.<\/li>\n<\/ul>\n<\/div>\n<\/div><\/div><\/div><\/div><\/div><div id=\"pg-2365-2\"  class=\"panel-grid panel-has-style\" ><div class=\"panel-row-style panel-row-style-for-2365-2\" ><div id=\"pgc-2365-2-0\"  class=\"panel-grid-cell\" ><div><div class=\"nx-heading nx-heading-style-coloredline nx-heading-align-center\" style=\"font-size:32px;margin-bottom:32px\"><h2 class=\"nx-heading-inner\">Ons Waardes<\/h2><\/div><\/div><\/div><\/div><\/div><div id=\"pg-2365-3\"  class=\"panel-grid panel-has-style\" ><div class=\"panel-row-style panel-row-style-for-2365-3\" ><div id=\"pgc-2365-3-0\"  class=\"panel-grid-cell\" ><div id=\"panel-2365-3-0-0\" class=\"so-panel widget widget_sow-editor panel-first-child panel-last-child\" data-index=\"4\" ><div\n\t\t\t\n\t\t\tclass=\"so-widget-sow-editor so-widget-sow-editor-base\"\n\t\t\t\n\t\t>\n<div class=\"siteorigin-widget-tinymce textwidget\">\n\t<p><img loading=\"lazy\" decoding=\"async\" class=\"aligncenter wp-image-2483\" src=\"https:\/\/www.bextrans.co.za\/wp-content\/uploads\/2022\/12\/Integrity.svg\" alt=\"Integriteit\" width=\"99\" height=\"100\"><\/p>\n<h3 style=\"text-align: center;\">Integriteit<\/h3>\n<\/div>\n<\/div><\/div><\/div><div id=\"pgc-2365-3-1\"  class=\"panel-grid-cell\" ><div id=\"panel-2365-3-1-0\" class=\"so-panel widget widget_sow-editor panel-first-child panel-last-child\" data-index=\"5\" ><div\n\t\t\t\n\t\t\tclass=\"so-widget-sow-editor so-widget-sow-editor-base\"\n\t\t\t\n\t\t>\n<div class=\"siteorigin-widget-tinymce textwidget\">\n\t<p><img loading=\"lazy\" decoding=\"async\" class=\"wp-image-2487 aligncenter\" src=\"https:\/\/www.bextrans.co.za\/wp-content\/uploads\/2022\/12\/Superior-Client-Service.svg\" alt=\"Superieure Kli\u00ebntediens\" width=\"106\" height=\"100\"><\/p>\n<h3 style=\"text-align: center;\">Superieure Kli\u00ebntediens<\/h3>\n<\/div>\n<\/div><\/div><\/div><div id=\"pgc-2365-3-2\"  class=\"panel-grid-cell\" ><div id=\"panel-2365-3-2-0\" class=\"so-panel widget widget_sow-editor panel-first-child panel-last-child\" data-index=\"6\" ><div\n\t\t\t\n\t\t\tclass=\"so-widget-sow-editor so-widget-sow-editor-base\"\n\t\t\t\n\t\t>\n<div class=\"siteorigin-widget-tinymce textwidget\">\n\t<p><img loading=\"lazy\" decoding=\"async\" class=\"aligncenter wp-image-2485\" src=\"https:\/\/www.bextrans.co.za\/wp-content\/uploads\/2022\/12\/Positivity.svg\" alt=\"Positiwiteit\" width=\"99\" height=\"99\"><\/p>\n<h3 style=\"text-align: center;\">Positiwiteit<\/h3>\n<\/div>\n<\/div><\/div><\/div><div id=\"pgc-2365-3-3\"  class=\"panel-grid-cell\" ><div id=\"panel-2365-3-3-0\" class=\"so-panel widget widget_sow-editor panel-first-child panel-last-child\" data-index=\"7\" ><div\n\t\t\t\n\t\t\tclass=\"so-widget-sow-editor so-widget-sow-editor-base\"\n\t\t\t\n\t\t>\n<div class=\"siteorigin-widget-tinymce textwidget\">\n\t<p><img loading=\"lazy\" decoding=\"async\" class=\"wp-image-2481 aligncenter\" src=\"https:\/\/www.bextrans.co.za\/wp-content\/uploads\/2022\/12\/Adaptability.svg\" alt=\"Aanpasbaarheid\" width=\"100\" height=\"100\"><\/p>\n<h3 style=\"text-align: center;\">Aanpasbaarheid<\/h3>\n<\/div>\n<\/div><\/div><\/div><\/div><\/div><\/div>","protected":false},"excerpt":{"rendered":"<p>Visie Om die voorste padvervoerder vir geselekteerde kli\u00ebnte in Suider-Afrika te wees. Missie Ons bied logistieke oplossings in geselekteerde markte om optimale welvaart vir kli\u00ebnte, aandeelhouers en personeel te fasiliteer: deur langtermynverhoudings te bou deur middel van ho\u00eb etiese waardes; deur uitstekende diens aan kli\u00ebnte te lewer deur middel van spanwerk, kundige en innoverende personeel en doeltreffende bedryfstelsels; deur relevante<\/p>\n<div class=\"read-more\"><a class=\"more-link\" href=\"https:\/\/www.bextrans.co.za\/af-za\/\">Read More &#8230;<\/a><\/div>\n","protected":false},"author":1,"featured_media":2775,"parent":0,"menu_order":0,"comment_status":"closed","ping_status":"closed","template":"","meta":{"inline_featured_image":false,"footnotes":""},"class_list":["post-2365","page","type-page","status-publish","has-post-thumbnail","hentry"],"yoast_head":"<!-- This site is optimized with the Yoast SEO plugin v27.3 - https:\/\/yoast.com\/product\/yoast-seo-wordpress\/ -->\n<title>Tuis | Bextrans<\/title>\n<meta name=\"description\" content=\"Bextrans \u2013 \u2019n BexGroup-maatskappy, is \u2019n toonaangewende padvervoerdiensverskaffer aan geselekteerde kli\u00ebnte wat hoofsaaklik in die veeleisende en uitdagende landbousektor in Suider-Afrika werksaam is.\" \/>\n<meta name=\"robots\" content=\"index, follow, max-snippet:-1, max-image-preview:large, max-video-preview:-1\" \/>\n<link rel=\"canonical\" href=\"https:\/\/www.bextrans.co.za\/af-za\/\" \/>\n<meta property=\"og:locale\" content=\"af_ZA\" \/>\n<meta property=\"og:type\" content=\"article\" \/>\n<meta property=\"og:title\" content=\"Tuis | Bextrans\" \/>\n<meta property=\"og:description\" content=\"Bextrans \u2013 \u2019n BexGroup-maatskappy, is \u2019n toonaangewende padvervoerdiensverskaffer aan geselekteerde kli\u00ebnte wat hoofsaaklik in die veeleisende en uitdagende landbousektor in Suider-Afrika werksaam is.\" \/>\n<meta property=\"og:url\" content=\"https:\/\/www.bextrans.co.za\/af-za\/\" \/>\n<meta property=\"og:site_name\" content=\"Bextrans\" \/>\n<meta property=\"article:publisher\" content=\"https:\/\/www.facebook.com\/Bextrans\/\" \/>\n<meta property=\"article:modified_time\" content=\"2025-06-13T15:45:34+00:00\" \/>\n<meta property=\"og:image\" content=\"https:\/\/www.bextrans.co.za\/wp-content\/uploads\/2023\/01\/Featured-image.webp\" \/>\n\t<meta property=\"og:image:width\" content=\"1200\" \/>\n\t<meta property=\"og:image:height\" content=\"628\" \/>\n\t<meta property=\"og:image:type\" content=\"image\/webp\" \/>\n<meta name=\"twitter:card\" content=\"summary_large_image\" \/>\n<meta name=\"twitter:label1\" content=\"Est. reading time\" \/>\n\t<meta name=\"twitter:data1\" content=\"1 minute\" \/>\n<script type=\"application\/ld+json\" class=\"yoast-schema-graph\">{\"@context\":\"https:\\\/\\\/schema.org\",\"@graph\":[{\"@type\":\"WebPage\",\"@id\":\"https:\\\/\\\/www.bextrans.co.za\\\/af-za\\\/\",\"url\":\"https:\\\/\\\/www.bextrans.co.za\\\/af-za\\\/\",\"name\":\"Tuis | Bextrans\",\"isPartOf\":{\"@id\":\"https:\\\/\\\/www.bextrans.co.za\\\/af-za\\\/#website\"},\"primaryImageOfPage\":{\"@id\":\"https:\\\/\\\/www.bextrans.co.za\\\/af-za\\\/#primaryimage\"},\"image\":{\"@id\":\"https:\\\/\\\/www.bextrans.co.za\\\/af-za\\\/#primaryimage\"},\"thumbnailUrl\":\"https:\\\/\\\/www.bextrans.co.za\\\/wp-content\\\/uploads\\\/2023\\\/01\\\/Featured-image.webp\",\"datePublished\":\"2017-06-23T14:18:58+00:00\",\"dateModified\":\"2025-06-13T15:45:34+00:00\",\"description\":\"Bextrans \u2013 \u2019n BexGroup-maatskappy, is \u2019n toonaangewende padvervoerdiensverskaffer aan geselekteerde kli\u00ebnte wat hoofsaaklik in die veeleisende en uitdagende landbousektor in Suider-Afrika werksaam is.\",\"breadcrumb\":{\"@id\":\"https:\\\/\\\/www.bextrans.co.za\\\/af-za\\\/#breadcrumb\"},\"inLanguage\":\"af-ZA\",\"potentialAction\":[{\"@type\":\"ReadAction\",\"target\":[\"https:\\\/\\\/www.bextrans.co.za\\\/af-za\\\/\"]}]},{\"@type\":\"ImageObject\",\"inLanguage\":\"af-ZA\",\"@id\":\"https:\\\/\\\/www.bextrans.co.za\\\/af-za\\\/#primaryimage\",\"url\":\"https:\\\/\\\/www.bextrans.co.za\\\/wp-content\\\/uploads\\\/2023\\\/01\\\/Featured-image.webp\",\"contentUrl\":\"https:\\\/\\\/www.bextrans.co.za\\\/wp-content\\\/uploads\\\/2023\\\/01\\\/Featured-image.webp\",\"width\":1200,\"height\":628,\"caption\":\"Bextrans | A BexGroup Company\"},{\"@type\":\"BreadcrumbList\",\"@id\":\"https:\\\/\\\/www.bextrans.co.za\\\/af-za\\\/#breadcrumb\",\"itemListElement\":[{\"@type\":\"ListItem\",\"position\":1,\"name\":\"Tuis\",\"item\":\"https:\\\/\\\/www.bextrans.co.za\\\/af-za\\\/\"},{\"@type\":\"ListItem\",\"position\":2,\"name\":\"Tuis\"}]},{\"@type\":\"WebSite\",\"@id\":\"https:\\\/\\\/www.bextrans.co.za\\\/af-za\\\/#website\",\"url\":\"https:\\\/\\\/www.bextrans.co.za\\\/af-za\\\/\",\"name\":\"Bextrans\",\"description\":\"\u2019n BexGroup-maatskappy\",\"publisher\":{\"@id\":\"https:\\\/\\\/www.bextrans.co.za\\\/af-za\\\/#organization\"},\"potentialAction\":[{\"@type\":\"SearchAction\",\"target\":{\"@type\":\"EntryPoint\",\"urlTemplate\":\"https:\\\/\\\/www.bextrans.co.za\\\/af-za\\\/?s={search_term_string}\"},\"query-input\":{\"@type\":\"PropertyValueSpecification\",\"valueRequired\":true,\"valueName\":\"search_term_string\"}}],\"inLanguage\":\"af-ZA\"},{\"@type\":\"Organization\",\"@id\":\"https:\\\/\\\/www.bextrans.co.za\\\/af-za\\\/#organization\",\"name\":\"Bextrans \u2013 \u2019n BexGroup-maatskappy\",\"url\":\"https:\\\/\\\/www.bextrans.co.za\\\/af-za\\\/\",\"logo\":{\"@type\":\"ImageObject\",\"inLanguage\":\"af-ZA\",\"@id\":\"https:\\\/\\\/www.bextrans.co.za\\\/af-za\\\/#\\\/schema\\\/logo\\\/image\\\/\",\"url\":\"https:\\\/\\\/www.bextrans.co.za\\\/wp-content\\\/uploads\\\/2023\\\/02\\\/Bextrans-A-BexGroup-Company.png\",\"contentUrl\":\"https:\\\/\\\/www.bextrans.co.za\\\/wp-content\\\/uploads\\\/2023\\\/02\\\/Bextrans-A-BexGroup-Company.png\",\"width\":1000,\"height\":193,\"caption\":\"Bextrans \u2013 \u2019n BexGroup-maatskappy\"},\"image\":{\"@id\":\"https:\\\/\\\/www.bextrans.co.za\\\/af-za\\\/#\\\/schema\\\/logo\\\/image\\\/\"},\"sameAs\":[\"https:\\\/\\\/www.facebook.com\\\/Bextrans\\\/\",\"https:\\\/\\\/www.instagram.com\\\/bextrans\\\/\",\"https:\\\/\\\/www.linkedin.com\\\/company\\\/bextrans-pty-ltd\\\/\"]}]}<\/script>\n<!-- \/ Yoast SEO plugin. -->","yoast_head_json":{"title":"Tuis | Bextrans","description":"Bextrans \u2013 \u2019n BexGroup-maatskappy, is \u2019n toonaangewende padvervoerdiensverskaffer aan geselekteerde kli\u00ebnte wat hoofsaaklik in die veeleisende en uitdagende landbousektor in Suider-Afrika werksaam is.","robots":{"index":"index","follow":"follow","max-snippet":"max-snippet:-1","max-image-preview":"max-image-preview:large","max-video-preview":"max-video-preview:-1"},"canonical":"https:\/\/www.bextrans.co.za\/af-za\/","og_locale":"af_ZA","og_type":"article","og_title":"Tuis | Bextrans","og_description":"Bextrans \u2013 \u2019n BexGroup-maatskappy, is \u2019n toonaangewende padvervoerdiensverskaffer aan geselekteerde kli\u00ebnte wat hoofsaaklik in die veeleisende en uitdagende landbousektor in Suider-Afrika werksaam is.","og_url":"https:\/\/www.bextrans.co.za\/af-za\/","og_site_name":"Bextrans","article_publisher":"https:\/\/www.facebook.com\/Bextrans\/","article_modified_time":"2025-06-13T15:45:34+00:00","og_image":[{"width":1200,"height":628,"url":"https:\/\/www.bextrans.co.za\/wp-content\/uploads\/2023\/01\/Featured-image.webp","type":"image\/webp"}],"twitter_card":"summary_large_image","twitter_misc":{"Est. reading time":"1 minute"},"schema":{"@context":"https:\/\/schema.org","@graph":[{"@type":"WebPage","@id":"https:\/\/www.bextrans.co.za\/af-za\/","url":"https:\/\/www.bextrans.co.za\/af-za\/","name":"Tuis | Bextrans","isPartOf":{"@id":"https:\/\/www.bextrans.co.za\/af-za\/#website"},"primaryImageOfPage":{"@id":"https:\/\/www.bextrans.co.za\/af-za\/#primaryimage"},"image":{"@id":"https:\/\/www.bextrans.co.za\/af-za\/#primaryimage"},"thumbnailUrl":"https:\/\/www.bextrans.co.za\/wp-content\/uploads\/2023\/01\/Featured-image.webp","datePublished":"2017-06-23T14:18:58+00:00","dateModified":"2025-06-13T15:45:34+00:00","description":"Bextrans \u2013 \u2019n BexGroup-maatskappy, is \u2019n toonaangewende padvervoerdiensverskaffer aan geselekteerde kli\u00ebnte wat hoofsaaklik in die veeleisende en uitdagende landbousektor in Suider-Afrika werksaam is.","breadcrumb":{"@id":"https:\/\/www.bextrans.co.za\/af-za\/#breadcrumb"},"inLanguage":"af-ZA","potentialAction":[{"@type":"ReadAction","target":["https:\/\/www.bextrans.co.za\/af-za\/"]}]},{"@type":"ImageObject","inLanguage":"af-ZA","@id":"https:\/\/www.bextrans.co.za\/af-za\/#primaryimage","url":"https:\/\/www.bextrans.co.za\/wp-content\/uploads\/2023\/01\/Featured-image.webp","contentUrl":"https:\/\/www.bextrans.co.za\/wp-content\/uploads\/2023\/01\/Featured-image.webp","width":1200,"height":628,"caption":"Bextrans | A BexGroup Company"},{"@type":"BreadcrumbList","@id":"https:\/\/www.bextrans.co.za\/af-za\/#breadcrumb","itemListElement":[{"@type":"ListItem","position":1,"name":"Tuis","item":"https:\/\/www.bextrans.co.za\/af-za\/"},{"@type":"ListItem","position":2,"name":"Tuis"}]},{"@type":"WebSite","@id":"https:\/\/www.bextrans.co.za\/af-za\/#website","url":"https:\/\/www.bextrans.co.za\/af-za\/","name":"Bextrans","description":"\u2019n BexGroup-maatskappy","publisher":{"@id":"https:\/\/www.bextrans.co.za\/af-za\/#organization"},"potentialAction":[{"@type":"SearchAction","target":{"@type":"EntryPoint","urlTemplate":"https:\/\/www.bextrans.co.za\/af-za\/?s={search_term_string}"},"query-input":{"@type":"PropertyValueSpecification","valueRequired":true,"valueName":"search_term_string"}}],"inLanguage":"af-ZA"},{"@type":"Organization","@id":"https:\/\/www.bextrans.co.za\/af-za\/#organization","name":"Bextrans \u2013 \u2019n BexGroup-maatskappy","url":"https:\/\/www.bextrans.co.za\/af-za\/","logo":{"@type":"ImageObject","inLanguage":"af-ZA","@id":"https:\/\/www.bextrans.co.za\/af-za\/#\/schema\/logo\/image\/","url":"https:\/\/www.bextrans.co.za\/wp-content\/uploads\/2023\/02\/Bextrans-A-BexGroup-Company.png","contentUrl":"https:\/\/www.bextrans.co.za\/wp-content\/uploads\/2023\/02\/Bextrans-A-BexGroup-Company.png","width":1000,"height":193,"caption":"Bextrans \u2013 \u2019n BexGroup-maatskappy"},"image":{"@id":"https:\/\/www.bextrans.co.za\/af-za\/#\/schema\/logo\/image\/"},"sameAs":["https:\/\/www.facebook.com\/Bextrans\/","https:\/\/www.instagram.com\/bextrans\/","https:\/\/www.linkedin.com\/company\/bextrans-pty-ltd\/"]}]}},"_links":{"self":[{"href":"https:\/\/www.bextrans.co.za\/af-za\/wp-json\/wp\/v2\/pages\/2365","targetHints":{"allow":["GET"]}}],"collection":[{"href":"https:\/\/www.bextrans.co.za\/af-za\/wp-json\/wp\/v2\/pages"}],"about":[{"href":"https:\/\/www.bextrans.co.za\/af-za\/wp-json\/wp\/v2\/types\/page"}],"author":[{"embeddable":true,"href":"https:\/\/www.bextrans.co.za\/af-za\/wp-json\/wp\/v2\/users\/1"}],"replies":[{"embeddable":true,"href":"https:\/\/www.bextrans.co.za\/af-za\/wp-json\/wp\/v2\/comments?post=2365"}],"version-history":[{"count":23,"href":"https:\/\/www.bextrans.co.za\/af-za\/wp-json\/wp\/v2\/pages\/2365\/revisions"}],"predecessor-version":[{"id":2931,"href":"https:\/\/www.bextrans.co.za\/af-za\/wp-json\/wp\/v2\/pages\/2365\/revisions\/2931"}],"wp:featuredmedia":[{"embeddable":true,"href":"https:\/\/www.bextrans.co.za\/af-za\/wp-json\/wp\/v2\/media\/2775"}],"wp:attachment":[{"href":"https:\/\/www.bextrans.co.za\/af-za\/wp-json\/wp\/v2\/media?parent=2365"}],"curies":[{"name":"wp","href":"https:\/\/api.w.org\/{rel}","templated":true}]}}